{"id":3,"date":"2024-10-24T13:22:28","date_gmt":"2024-10-24T11:22:28","guid":{"rendered":"http:\/\/noragoessing.de\/?page_id=3"},"modified":"2025-04-08T13:54:46","modified_gmt":"2025-04-08T11:54:46","slug":"impressum","status":"publish","type":"page","link":"https:\/\/noragoessing.de\/index.php\/impressum\/","title":{"rendered":"Impressum"},"content":{"rendered":"\t\t<div data-elementor-type=\"wp-page\" data-elementor-id=\"3\" class=\"elementor elementor-3\" data-elementor-post-type=\"page\">\n\t\t\t\t<div class=\"elementor-element elementor-element-a375eff e-flex e-con-boxed e-con e-parent\" data-id=\"a375eff\" data-element_type=\"container\" data-e-type=\"container\">\n\t\t\t\t\t<div class=\"e-con-inner\">\n\t\t\t\t<div class=\"elementor-element elementor-element-15f302e elementor-nav-menu--dropdown-tablet elementor-nav-menu__text-align-aside elementor-nav-menu--toggle elementor-nav-menu--burger elementor-invisible elementor-widget elementor-widget-nav-menu\" data-id=\"15f302e\" data-element_type=\"widget\" data-e-type=\"widget\" data-settings=\"{&quot;sticky&quot;:&quot;top&quot;,&quot;_animation&quot;:&quot;fadeInLeft&quot;,&quot;layout&quot;:&quot;horizontal&quot;,&quot;submenu_icon&quot;:{&quot;value&quot;:&quot;&lt;svg class=\\&quot;e-font-icon-svg e-fas-caret-down\\&quot; viewBox=\\&quot;0 0 320 512\\&quot; xmlns=\\&quot;http:\\\/\\\/www.w3.org\\\/2000\\\/svg\\&quot;&gt;&lt;path d=\\&quot;M31.3 192h257.3c17.8 0 26.7 21.5 14.1 34.1L174.1 354.8c-7.8 7.8-20.5 7.8-28.3 0L17.2 226.1C4.6 213.5 13.5 192 31.3 192z\\&quot;&gt;&lt;\\\/path&gt;&lt;\\\/svg&gt;&quot;,&quot;library&quot;:&quot;fa-solid&quot;},&quot;toggle&quot;:&quot;burger&quot;,&quot;sticky_on&quot;:[&quot;desktop&quot;,&quot;tablet&quot;,&quot;mobile&quot;],&quot;sticky_offset&quot;:0,&quot;sticky_effects_offset&quot;:0,&quot;sticky_anchor_link_offset&quot;:0}\" data-widget_type=\"nav-menu.default\">\n\t\t\t\t<div class=\"elementor-widget-container\">\n\t\t\t\t\t\t\t\t<nav aria-label=\"Men\u00fc\" class=\"elementor-nav-menu--main elementor-nav-menu__container elementor-nav-menu--layout-horizontal e--pointer-underline e--animation-fade\">\n\t\t\t\t<ul id=\"menu-1-15f302e\" class=\"elementor-nav-menu\"><li class=\"menu-item menu-item-type-post_type menu-item-object-page menu-item-home menu-item-55\"><a href=\"https:\/\/noragoessing.de\/\" class=\"elementor-item\">Home<\/a><\/li>\n<li class=\"menu-item menu-item-type-post_type menu-item-object-page menu-item-57\"><a href=\"https:\/\/noragoessing.de\/index.php\/about\/\" class=\"elementor-item\">\u00dcber mich<\/a><\/li>\n<li class=\"menu-item menu-item-type-post_type menu-item-object-page menu-item-181\"><a href=\"https:\/\/noragoessing.de\/index.php\/behandlungsangebot\/\" class=\"elementor-item\">Behandlungsangebot<\/a><\/li>\n<li class=\"menu-item menu-item-type-post_type menu-item-object-page menu-item-56\"><a href=\"https:\/\/noragoessing.de\/?page_id=39\" class=\"elementor-item\">Preise<\/a><\/li>\n<li class=\"menu-item menu-item-type-post_type menu-item-object-page menu-item-405\"><a href=\"https:\/\/noragoessing.de\/index.php\/elementor-seite-403\/\" class=\"elementor-item\">Unterricht<\/a><\/li>\n<li class=\"menu-item menu-item-type-post_type menu-item-object-page menu-item-58\"><a href=\"https:\/\/noragoessing.de\/index.php\/kontakt\/\" class=\"elementor-item\">Kontakt<\/a><\/li>\n<li class=\"menu-item menu-item-type-post_type menu-item-object-page menu-item-privacy-policy menu-item-183\"><a rel=\"privacy-policy\" href=\"https:\/\/noragoessing.de\/index.php\/impressum\/\" class=\"elementor-item\">Impressum<\/a><\/li>\n<\/ul>\t\t\t<\/nav>\n\t\t\t\t\t<div class=\"elementor-menu-toggle\" role=\"button\" tabindex=\"0\" aria-label=\"Men\u00fc Umschalter\" aria-expanded=\"false\">\n\t\t\t<svg aria-hidden=\"true\" role=\"presentation\" class=\"elementor-menu-toggle__icon--open e-font-icon-svg e-eicon-menu-bar\" viewBox=\"0 0 1000 1000\" xmlns=\"http:\/\/www.w3.org\/2000\/svg\"><path d=\"M104 333H896C929 333 958 304 958 271S929 208 896 208H104C71 208 42 237 42 271S71 333 104 333ZM104 583H896C929 583 958 554 958 521S929 458 896 458H104C71 458 42 487 42 521S71 583 104 583ZM104 833H896C929 833 958 804 958 771S929 708 896 708H104C71 708 42 737 42 771S71 833 104 833Z\"><\/path><\/svg><svg aria-hidden=\"true\" role=\"presentation\" class=\"elementor-menu-toggle__icon--close e-font-icon-svg e-eicon-close\" viewBox=\"0 0 1000 1000\" xmlns=\"http:\/\/www.w3.org\/2000\/svg\"><path d=\"M742 167L500 408 258 167C246 154 233 150 217 150 196 150 179 158 167 167 154 179 150 196 150 212 150 229 154 242 171 254L408 500 167 742C138 771 138 800 167 829 196 858 225 858 254 829L496 587 738 829C750 842 767 846 783 846 800 846 817 842 829 829 842 817 846 804 846 783 846 767 842 750 829 737L588 500 833 258C863 229 863 200 833 171 804 137 775 137 742 167Z\"><\/path><\/svg>\t\t<\/div>\n\t\t\t\t\t<nav class=\"elementor-nav-menu--dropdown elementor-nav-menu__container\" aria-hidden=\"true\">\n\t\t\t\t<ul id=\"menu-2-15f302e\" class=\"elementor-nav-menu\"><li class=\"menu-item menu-item-type-post_type menu-item-object-page menu-item-home menu-item-55\"><a href=\"https:\/\/noragoessing.de\/\" class=\"elementor-item\" tabindex=\"-1\">Home<\/a><\/li>\n<li class=\"menu-item menu-item-type-post_type menu-item-object-page menu-item-57\"><a href=\"https:\/\/noragoessing.de\/index.php\/about\/\" class=\"elementor-item\" tabindex=\"-1\">\u00dcber mich<\/a><\/li>\n<li class=\"menu-item menu-item-type-post_type menu-item-object-page menu-item-181\"><a href=\"https:\/\/noragoessing.de\/index.php\/behandlungsangebot\/\" class=\"elementor-item\" tabindex=\"-1\">Behandlungsangebot<\/a><\/li>\n<li class=\"menu-item menu-item-type-post_type menu-item-object-page menu-item-56\"><a href=\"https:\/\/noragoessing.de\/?page_id=39\" class=\"elementor-item\" tabindex=\"-1\">Preise<\/a><\/li>\n<li class=\"menu-item menu-item-type-post_type menu-item-object-page menu-item-405\"><a href=\"https:\/\/noragoessing.de\/index.php\/elementor-seite-403\/\" class=\"elementor-item\" tabindex=\"-1\">Unterricht<\/a><\/li>\n<li class=\"menu-item menu-item-type-post_type menu-item-object-page menu-item-58\"><a href=\"https:\/\/noragoessing.de\/index.php\/kontakt\/\" class=\"elementor-item\" tabindex=\"-1\">Kontakt<\/a><\/li>\n<li class=\"menu-item menu-item-type-post_type menu-item-object-page menu-item-privacy-policy menu-item-183\"><a rel=\"privacy-policy\" href=\"https:\/\/noragoessing.de\/index.php\/impressum\/\" class=\"elementor-item\" tabindex=\"-1\">Impressum<\/a><\/li>\n<\/ul>\t\t\t<\/nav>\n\t\t\t\t\t\t<\/div>\n\t\t\t\t<\/div>\n\t\t\t\t\t<\/div>\n\t\t\t\t<\/div>\n\t\t<div class=\"elementor-element elementor-element-431a59b e-flex e-con-boxed e-con e-parent\" data-id=\"431a59b\" data-element_type=\"container\" data-e-type=\"container\">\n\t\t\t\t\t<div class=\"e-con-inner\">\n\t\t\t\t<div class=\"elementor-element elementor-element-833a546 elementor-widget elementor-widget-heading\" data-id=\"833a546\" data-element_type=\"widget\" data-e-type=\"widget\" data-widget_type=\"heading.default\">\n\t\t\t\t<div class=\"elementor-widget-container\">\n\t\t\t\t\t<h2 class=\"elementor-heading-title elementor-size-default\">Impressum &amp; Datenschutz<\/h2>\t\t\t\t<\/div>\n\t\t\t\t<\/div>\n\t\t\t\t\t<\/div>\n\t\t\t\t<\/div>\n\t\t<div class=\"elementor-element elementor-element-3cfbb7f4 e-flex e-con-boxed e-con e-parent\" data-id=\"3cfbb7f4\" data-element_type=\"container\" data-e-type=\"container\">\n\t\t\t\t\t<div class=\"e-con-inner\">\n\t\t\t\t<div class=\"elementor-element elementor-element-3d5fb5fb elementor-widget elementor-widget-text-editor\" data-id=\"3d5fb5fb\" data-element_type=\"widget\" data-e-type=\"widget\" data-widget_type=\"text-editor.default\">\n\t\t\t\t<div class=\"elementor-widget-container\">\n\t\t\t\t\t\t\t\t\t<div class=\"wpb_text_column wpb_content_element \" style=\"margin: 0px 0px 35px; padding: 0px; caret-color: #1a1c20; color: #1a1c20; font-family: Quattrocento, Helvetica, Arial, Verdana, sans-serif; font-size: 15px;\"><div class=\"wpb_wrapper\" style=\"margin: 0px; padding: 0px;\"><p style=\"margin: 0px 0px 10px; padding: 0px;\">Nora G\u00f6ssing<\/p><p style=\"margin: 0px 0px 10px; padding: 0px;\">R\u00f6merstr. 46<br style=\"margin: 0px; padding: 0px;\" \/>41516 Grevenbroich<\/p><p style=\"margin: 0px 0px 10px; padding: 0px;\">Telefonnummer: 0170 20 467 25<\/p><p style=\"margin: 0px 0px 10px; padding: 0px;\">E-Mail-Adresse: nora@goessing.de<\/p><p style=\"margin: 0px 0px 10px; padding: 0px;\"><strong style=\"margin: 0px; padding: 0px; font-weight: bold;\">\u00a0<\/strong><\/p><p style=\"margin: 0px 0px 10px; padding: 0px;\"><strong style=\"margin: 0px; padding: 0px; font-weight: bold;\">Haftungsausschluss:<\/strong><\/p><p style=\"margin: 0px 0px 10px; padding: 0px;\">Copyright 2025<br style=\"margin: 0px; padding: 0px;\" \/>Nora G\u00f6ssing<br style=\"margin: 0px; padding: 0px;\" \/>R\u00f6merstr. 46\u00a0<br style=\"margin: 0px; padding: 0px;\" \/>41516 Grevenbroich<\/p><p style=\"margin: 0px 0px 10px; padding: 0px;\">Alle Rechte vorbehalten. Jede Verbreitung und Vervielf\u00e4ltigung der Inhalte dieser Internetpr\u00e4senz ist untersagt oder bedarf der schriftlichen Zustimmung.<\/p><p style=\"margin: 0px 0px 10px; padding: 0px;\"><strong style=\"margin: 0px; padding: 0px; font-weight: bold;\">\u00a0<\/strong><\/p><p style=\"margin: 0px 0px 10px; padding: 0px;\"><strong style=\"margin: 0px; padding: 0px; font-weight: bold;\">Haftung f\u00fcr Inhalte:<\/strong><\/p><p style=\"margin: 0px 0px 10px; padding: 0px;\">Der Autor \u00fcbernimmt keinerlei Gew\u00e4hr f\u00fcr die Aktualit\u00e4t, Korrektheit, Vollst\u00e4ndigkeit oder Qualit\u00e4t der bereitgestellten Informationen. Haftungsanspr\u00fcche gegen den Autor, welche sich auf Sch\u00e4den materieller oder ideeller Art beziehen, die durch die Nutzung oder Nichtnutzung der dargebotenen Informationen bzw. durch die Nutzung fehlerhafter und unvollst\u00e4ndiger Informationen verursacht wurden, sind grunds\u00e4tzlich ausgeschlossen, sofern seitens des Autors kein nachweislich vors\u00e4tzliches oder grob fahrl\u00e4ssiges Verschulden vorliegt.<br style=\"margin: 0px; padding: 0px;\" \/>Der Autor beh\u00e4lt es sich ausdr\u00fccklich vor, Teile der Seiten oder das gesamte Angebot ohne gesonderte Ank\u00fcndigung zu ver\u00e4ndern, zu erg\u00e4nzen, zu l\u00f6schen oder die Ver\u00f6ffentlichung zeitweise oder endg\u00fcltig einzustellen.<\/p><p style=\"margin: 0px 0px 10px; padding: 0px;\"><strong style=\"margin: 0px; padding: 0px; font-weight: bold;\">\u00a0<\/strong><\/p><p style=\"margin: 0px 0px 10px; padding: 0px;\"><strong style=\"margin: 0px; padding: 0px; font-weight: bold;\">Haftung f\u00fcr Links:<\/strong><\/p><p style=\"margin: 0px 0px 10px; padding: 0px;\">Bei direkten oder indirekten Verweisen auf fremde Webseiten (\u201eHyperlinks\u201c), die au\u00dferhalb des Verantwortungsbereiches des Autors liegen, w\u00fcrde eine Haftungsverpflichtung ausschlie\u00dflich in dem Fall in Kraft treten, in dem der Autor von den Inhalten Kenntnis hat und es ihm technisch m\u00f6glich und zumutbar w\u00e4re, die Nutzung im Falle rechtswidriger Inhalte zu verhindern.<br style=\"margin: 0px; padding: 0px;\" \/>Der Autor erkl\u00e4rt hiermit ausdr\u00fccklich, dass zum Zeitpunkt der Linksetzung keine illegalen Inhalte auf den zu verlinkenden Seiten erkennbar waren. Auf die aktuelle und zuk\u00fcnftige Gestaltung, die Inhalte oder die Urheberschaft der verlinkten\/verkn\u00fcpften Seiten hat der Autor keinerlei Einfluss. Deshalb distanziert er sich hiermit ausdr\u00fccklich von allen Inhalten aller verlinkten \/verkn\u00fcpften Seiten, die nach der Linksetzung ver\u00e4ndert wurden. Diese Feststellung gilt f\u00fcr alle innerhalb des eigenen Internetangebotes gesetzten Links und Verweise sowie f\u00fcr Fremdeintr\u00e4ge in vom Autor eingerichteten G\u00e4steb\u00fcchern, Diskussionsforen, Linkverzeichnissen, Mailinglisten und in allen anderen Formen von Datenbanken, auf deren Inhalt externe Schreibzugriffe m\u00f6glich sind. F\u00fcr illegale, fehlerhafte oder unvollst\u00e4ndige Inhalte und insbesondere f\u00fcr Sch\u00e4den, die aus der Nutzung oder Nichtnutzung solcherart dargebotener Informationen entstehen, haftet allein der Anbieter der Seite, auf welche verwiesen wurde, nicht derjenige, der \u00fcber Links auf die jeweilige Ver\u00f6ffentlichung lediglich verweist.<\/p><p style=\"margin: 0px 0px 10px; padding: 0px;\"><strong style=\"margin: 0px; padding: 0px; font-weight: bold;\">\u00a0<\/strong><\/p><p style=\"margin: 0px 0px 10px; padding: 0px;\"><strong style=\"margin: 0px; padding: 0px; font-weight: bold;\">Urheber- und Kennzeichenrecht:<\/strong><\/p><p style=\"margin: 0px 0px 10px; padding: 0px;\">Der Autor ist bestrebt, in allen Publikationen die Urheberrechte der verwendeten Bilder, Grafiken, Tondokumente, Videosequenzen und Texte zu beachten, von ihm selbst erstellte Bilder, Grafiken, Tondokumente, Videosequenzen und Texte zu nutzen oder auf lizenzfreie Grafiken, Tondokumente, Videosequenzen und Texte zur\u00fcckzugreifen.<br style=\"margin: 0px; padding: 0px;\" \/>Alle innerhalb des Internetangebotes genannten und ggf. durch Dritte gesch\u00fctzten Marken- und Warenzeichen unterliegen uneingeschr\u00e4nkt den Bestimmungen des jeweils g\u00fcltigen Kennzeichenrechts und den Besitzrechten der jeweiligen eingetragenen Eigent\u00fcmer. Allein aufgrund der blo\u00dfen Nennung ist nicht der Schluss zu ziehen, dass Markenzeichen nicht durch Rechte Dritter gesch\u00fctzt sind!<br style=\"margin: 0px; padding: 0px;\" \/>Das Copyright f\u00fcr ver\u00f6ffentlichte, vom Autor selbst erstellte Objekte bleibt allein beim Autor der Seiten. Eine Vervielf\u00e4ltigung oder Verwendung solcher Grafiken, Tondokumente, Videosequenzen und Texte in anderen elektronischen oder gedruckten Publikationen ist ohne ausdr\u00fcckliche Zustimmung des Autors nicht gestattet.<\/p><p style=\"margin: 0px 0px 10px; padding: 0px;\"><strong style=\"margin: 0px; padding: 0px; font-weight: bold;\">Datenschutz:<\/strong><\/p><p style=\"margin: 0px 0px 10px; padding: 0px;\">Die Nutzung unserer Webseite ist in der Regel ohne Angabe personenbezogener Daten m\u00f6glich. Soweit auf unseren Seiten personenbezogene Daten (beispielsweise Name, Anschrift oder eMail-Adressen) erhoben werden, erfolgt dies, soweit m\u00f6glich, stets auf freiwilliger Basis. Diese Daten werden ohne Ihre ausdr\u00fcckliche Zustimmung nicht an Dritte weitergegeben.<\/p><p style=\"margin: 0px 0px 10px; padding: 0px;\">Wir weisen darauf hin, dass die Daten\u00fcbertragung im Internet (z.B. bei der Kommunikation per E-Mail) Sicherheitsl\u00fccken aufweisen kann. Ein l\u00fcckenloser Schutz der Daten vor dem Zugriff durch Dritte ist nicht m\u00f6glich.<\/p><p style=\"margin: 0px 0px 10px; padding: 0px;\">Der Nutzung von im Rahmen der Impressumspflicht ver\u00f6ffentlichten Kontaktdaten durch Dritte zur \u00dcbersendung von nicht ausdr\u00fccklich angeforderter Werbung und Informationsmaterialien wird hiermit ausdr\u00fccklich widersprochen. Die Betreiber der Seiten behalten sich ausdr\u00fccklich rechtliche Schritte im Falle der unverlangten Zusendung von Werbeinformationen, etwa durch Spam-Mails, vor.<\/p><p style=\"margin: 0px 0px 10px; padding: 0px;\"><strong style=\"margin: 0px; padding: 0px; font-weight: bold;\">Datenschutzerkl\u00e4rung f\u00fcr die Nutzung von Google Analytics:<\/strong><\/p><p style=\"margin: 0px 0px 10px; padding: 0px;\">Diese Website benutzt Google Analytics, einen Webanalysedienst der Google Inc. (\u201eGoogle\u201c). Google Analytics verwendet sog. \u201eCookies\u201c, Textdateien, die auf Ihrem Computer gespeichert werden und die eine Analyse der Benutzung der Website durch Sie erm\u00f6glichen. Die durch den Cookie erzeugten Informationen \u00fcber Ihre Benutzung dieser Website werden in der Regel an einen Server von Google in den USA \u00fcbertragen und dort gespeichert. Im Falle der Aktivierung der IP-Anonymisierung auf dieser Webseite wird Ihre IP-Adresse von Google jedoch innerhalb von Mitgliedstaaten der Europ\u00e4ischen Union oder in anderen Vertragsstaaten des Abkommens \u00fcber den Europ\u00e4ischen Wirtschaftsraum zuvor gek\u00fcrzt.<\/p><p style=\"margin: 0px 0px 10px; padding: 0px;\">Nur in Ausnahmef\u00e4llen wird die volle IP-Adresse an einen Server von Google in den USA \u00fcbertragen und dort gek\u00fcrzt. Im Auftrag des Betreibers dieser Website wird Google diese Informationen benutzen, um Ihre Nutzung der Website auszuwerten, um Reports \u00fcber die Websiteaktivit\u00e4ten zusammenzustellen und um weitere mit der Websitenutzung und der Internetnutzung verbundene Dienstleistungen gegen\u00fcber dem Websitebetreiber zu erbringen. Die im Rahmen von Google Analytics von Ihrem Browser \u00fcbermittelte IP-Adresse wird nicht mit anderen Daten von Google zusammengef\u00fchrt.<\/p><p style=\"margin: 0px 0px 10px; padding: 0px;\">Sie k\u00f6nnen die Speicherung der Cookies durch eine entsprechende Einstellung Ihrer Browser-Software verhindern; wir weisen Sie jedoch darauf hin, dass Sie in diesem Fall gegebenenfalls nicht s\u00e4mtliche Funktionen dieser Website vollumf\u00e4nglich werden nutzen k\u00f6nnen. Sie k\u00f6nnen dar\u00fcber hinaus die Erfassung der durch das Cookie erzeugten und auf Ihre Nutzung der Website bezogenen Daten (inkl. Ihrer IP-Adresse) an Google sowie die Verarbeitung dieser Daten durch Google verhindern, indem sie das unter dem folgenden Link verf\u00fcgbare Browser-Plugin herunterladen und installieren:<\/p><p style=\"margin: 0px 0px 10px; padding: 0px;\"><a style=\"margin: 0px; padding: 0px; text-decoration: underline; color: #e7463c;\" href=\"http:\/\/tools.google.com\/dlpage\/gaoptout?hl=de\">http:\/\/tools.google.com\/dlpage\/gaoptout?hl=de<\/a>.<\/p><p style=\"margin: 0px 0px 10px; padding: 0px;\"><strong style=\"margin: 0px; padding: 0px; font-weight: bold;\">Rechtswirksamkeit dieses Haftungsausschlusses:<\/strong><\/p><p style=\"margin-top: 0px; margin-right: 0px; margin-left: 0px; padding: 0px;\">Dieser Haftungsausschluss ist als Teil des Internetangebotes zu betrachten, von dem aus auf diese Seite verwiesen wurde. Sofern Teile oder einzelne Formulierungen dieses Textes der geltenden Rechtslage nicht, nicht mehr oder nicht vollst\u00e4ndig entsprechen sollten, bleiben die \u00fcbrigen Teile des Dokumentes in ihrem Inhalt und ihrer G\u00fcltigkeit davon unber\u00fchrt.<\/p><\/div><\/div><h2 class=\"wp-block-heading\">DATENSCHUTZ<\/h2><h2 class=\"wp-block-heading\">\u00a0<\/h2><h2 class=\"wp-block-heading\">Wer wir sind<\/h2><p><!-- \/wp:heading --><br \/><!-- wp:paragraph --><\/p><p>Die Adresse unserer Website ist: http:\/\/noragoessing.de.<\/p><p><!-- \/wp:paragraph --><br \/><!-- wp:heading --><\/p><h2 class=\"wp-block-heading\">Kommentare<\/h2><p><!-- \/wp:heading --><br \/><!-- wp:paragraph --><\/p><p>Wenn Besucher Kommentare auf der Website schreiben, sammeln wir die Daten, die im Kommentar-Formular angezeigt werden, au\u00dferdem die IP-Adresse des Besuchers und den User-Agent-String (damit wird der Browser identifiziert), um die Erkennung von Spam zu unterst\u00fctzen.<\/p><p><!-- \/wp:paragraph --><br \/><!-- wp:paragraph --><\/p><p>Aus deiner E-Mail-Adresse kann eine anonymisierte Zeichenfolge erstellt (auch Hash genannt) und dem Gravatar-Dienst \u00fcbergeben werden, um zu pr\u00fcfen, ob du diesen benutzt. Die Datenschutzerkl\u00e4rung des Gravatar-Dienstes findest du hier: https:\/\/automattic.com\/privacy\/. Nachdem dein Kommentar freigegeben wurde, ist dein Profilbild \u00f6ffentlich im Kontext deines Kommentars sichtbar.<\/p><p><!-- \/wp:paragraph --><br \/><!-- wp:heading --><\/p><h2 class=\"wp-block-heading\">Medien<\/h2><p><!-- \/wp:heading --><br \/><!-- wp:paragraph --><\/p><p>Wenn du ein registrierter Benutzer bist und Fotos auf diese Website l\u00e4dst, solltest du vermeiden, Fotos mit einem EXIF-GPS-Standort hochzuladen. Besucher dieser Website k\u00f6nnten Fotos, die auf dieser Website gespeichert sind, herunterladen und deren Standort-Informationen extrahieren.<\/p><p><!-- \/wp:paragraph --><br \/><!-- wp:heading --><\/p><h2 class=\"wp-block-heading\">Cookies<\/h2><p><!-- \/wp:heading --><br \/><!-- wp:paragraph --><\/p><p>Wenn du einen Kommentar auf unserer Website schreibst, kann das eine Einwilligung sein, deinen Namen, E-Mail-Adresse und Website in Cookies zu speichern. Dies ist eine Komfortfunktion, damit du nicht, wenn du einen weiteren Kommentar schreibst, all diese Daten erneut eingeben musst. Diese Cookies werden ein Jahr lang gespeichert.<\/p><p><!-- \/wp:paragraph --><br \/><!-- wp:paragraph --><\/p><p>Falls du ein Konto hast und dich auf dieser Website anmeldest, werden wir ein tempor\u00e4res Cookie setzen, um festzustellen, ob dein Browser Cookies akzeptiert. Dieses Cookie enth\u00e4lt keine personenbezogenen Daten und wird verworfen, wenn du deinen Browser schlie\u00dft.<\/p><p><!-- \/wp:paragraph --><br \/><!-- wp:paragraph --><\/p><p>Wenn du dich anmeldest, werden wir einige Cookies einrichten, um deine Anmeldeinformationen und Anzeigeoptionen zu speichern. Anmelde-Cookies verfallen nach zwei Tagen und Cookies f\u00fcr die Anzeigeoptionen nach einem Jahr. Falls du bei der Anmeldung \u201eAngemeldet bleiben\u201c ausw\u00e4hlst, wird deine Anmeldung zwei Wochen lang aufrechterhalten. Mit der Abmeldung aus deinem Konto werden die Anmelde-Cookies gel\u00f6scht.<\/p><p><!-- \/wp:paragraph --><br \/><!-- wp:paragraph --><\/p><p>Wenn du einen Artikel bearbeitest oder ver\u00f6ffentlichst, wird ein zus\u00e4tzlicher Cookie in deinem Browser gespeichert. Dieser Cookie enth\u00e4lt keine personenbezogenen Daten und verweist nur auf die Beitrags-ID des Artikels, den du gerade bearbeitet hast. Der Cookie verf\u00e4llt nach einem Tag.<\/p><p><!-- \/wp:paragraph --><br \/><!-- wp:heading --><\/p><h2 class=\"wp-block-heading\">Eingebettete Inhalte von anderen Websites<\/h2><p><!-- \/wp:heading --><br \/><!-- wp:paragraph --><\/p><p>Beitr\u00e4ge auf dieser Website k\u00f6nnen eingebettete Inhalte beinhalten (z.\u00a0B. Videos, Bilder, Beitr\u00e4ge etc.). Eingebettete Inhalte von anderen Websites verhalten sich exakt so, als ob der Besucher die andere Website besucht h\u00e4tte.<\/p><p><!-- \/wp:paragraph --><br \/><!-- wp:paragraph --><\/p><p>Diese Websites k\u00f6nnen Daten \u00fcber dich sammeln, Cookies benutzen, zus\u00e4tzliche Tracking-Dienste von Dritten einbetten und deine Interaktion mit diesem eingebetteten Inhalt aufzeichnen, inklusive deiner Interaktion mit dem eingebetteten Inhalt, falls du ein Konto hast und auf dieser Website angemeldet bist.<\/p><p><!-- \/wp:paragraph --><br \/><!-- wp:heading --><\/p><h2 class=\"wp-block-heading\">Mit wem wir deine Daten teilen<\/h2><p><!-- \/wp:heading --><br \/><!-- wp:paragraph --><\/p><p>Wenn du eine Zur\u00fccksetzung des Passworts beantragst, wird deine IP-Adresse in der E-Mail zur Zur\u00fccksetzung enthalten sein.<\/p><p><!-- \/wp:paragraph --><br \/><!-- wp:heading --><\/p><h2 class=\"wp-block-heading\">Wie lange wir deine Daten speichern<\/h2><p><!-- \/wp:heading --><br \/><!-- wp:paragraph --><\/p><p>Wenn du einen Kommentar schreibst, wird dieser inklusive Metadaten zeitlich unbegrenzt gespeichert. Auf diese Art k\u00f6nnen wir Folgekommentare automatisch erkennen und freigeben, anstatt sie in einer Moderations-Warteschlange festzuhalten.<\/p><p><!-- \/wp:paragraph --><br \/><!-- wp:paragraph --><\/p><p>F\u00fcr Benutzer, die sich auf unserer Website registrieren, speichern wir zus\u00e4tzlich die pers\u00f6nlichen Informationen, die sie in ihren Benutzerprofilen angeben. Alle Benutzer k\u00f6nnen jederzeit ihre pers\u00f6nlichen Informationen einsehen, ver\u00e4ndern oder l\u00f6schen (der Benutzername kann nicht ver\u00e4ndert werden). Administratoren der Website k\u00f6nnen diese Informationen ebenfalls einsehen und ver\u00e4ndern.<\/p><p><!-- \/wp:paragraph --><br \/><!-- wp:heading --><\/p><h2 class=\"wp-block-heading\">Welche Rechte du an deinen Daten hast<\/h2><p><!-- \/wp:heading --><br \/><!-- wp:paragraph --><\/p><p>Wenn du ein Konto auf dieser Website besitzt oder Kommentare geschrieben hast, kannst du einen Export deiner personenbezogenen Daten bei uns anfordern, inklusive aller Daten, die du uns mitgeteilt hast. Dar\u00fcber hinaus kannst du die L\u00f6schung aller personenbezogenen Daten, die wir von dir gespeichert haben, anfordern. Dies umfasst nicht die Daten, die wir aufgrund administrativer, rechtlicher oder sicherheitsrelevanter Notwendigkeiten aufbewahren m\u00fcssen.<\/p><p><!-- \/wp:paragraph --><br \/><!-- wp:heading --><\/p><h2 class=\"wp-block-heading\">Wohin deine Daten gesendet werden<\/h2><p><!-- \/wp:heading --><br \/><!-- wp:paragraph --><\/p><p>Besucher-Kommentare k\u00f6nnten von einem automatisierten Dienst zur Spam-Erkennung untersucht werden.<\/p><p><!-- \/wp:paragraph --><\/p>\t\t\t\t\t\t\t\t<\/div>\n\t\t\t\t<\/div>\n\t\t\t\t\t<\/div>\n\t\t\t\t<\/div>\n\t\t\t\t<\/div>\n\t\t","protected":false},"excerpt":{"rendered":"<p>Impressum &#038; Datenschutz Nora G\u00f6ssing R\u00f6merstr. 4641516 Grevenbroich Telefonnummer: 0170 20 467 25 E-Mail-Adresse: nora@goessing.de \u00a0 Haftungsausschluss: Copyright 2025Nora G\u00f6ssingR\u00f6merstr. 46\u00a041516 Grevenbroich Alle Rechte vorbehalten. Jede Verbreitung und Vervielf\u00e4ltigung der Inhalte dieser Internetpr\u00e4senz ist untersagt oder bedarf der schriftlichen Zustimmung. \u00a0 Haftung f\u00fcr Inhalte: Der Autor \u00fcbernimmt keinerlei Gew\u00e4hr f\u00fcr die Aktualit\u00e4t, Korrektheit, Vollst\u00e4ndigkeit oder [&hellip;]<\/p>\n","protected":false},"author":1,"featured_media":0,"parent":0,"menu_order":0,"comment_status":"closed","ping_status":"closed","template":"","meta":{"_eb_attr":"","footnotes":""},"class_list":["post-3","page","type-page","status-publish","hentry"],"_links":{"self":[{"href":"https:\/\/noragoessing.de\/index.php\/wp-json\/wp\/v2\/pages\/3","targetHints":{"allow":["GET"]}}],"collection":[{"href":"https:\/\/noragoessing.de\/index.php\/wp-json\/wp\/v2\/pages"}],"about":[{"href":"https:\/\/noragoessing.de\/index.php\/wp-json\/wp\/v2\/types\/page"}],"author":[{"embeddable":true,"href":"https:\/\/noragoessing.de\/index.php\/wp-json\/wp\/v2\/users\/1"}],"replies":[{"embeddable":true,"href":"https:\/\/noragoessing.de\/index.php\/wp-json\/wp\/v2\/comments?post=3"}],"version-history":[{"count":13,"href":"https:\/\/noragoessing.de\/index.php\/wp-json\/wp\/v2\/pages\/3\/revisions"}],"predecessor-version":[{"id":440,"href":"https:\/\/noragoessing.de\/index.php\/wp-json\/wp\/v2\/pages\/3\/revisions\/440"}],"wp:attachment":[{"href":"https:\/\/noragoessing.de\/index.php\/wp-json\/wp\/v2\/media?parent=3"}],"curies":[{"name":"wp","href":"https:\/\/api.w.org\/{rel}","templated":true}]}}